{"id":87,"date":"2017-07-14T16:39:10","date_gmt":"2017-07-14T16:39:10","guid":{"rendered":"https:\/\/www.lestroarmonico.com\/wp\/?page_id=87"},"modified":"2017-07-17T16:51:51","modified_gmt":"2017-07-17T16:51:51","slug":"treffpunkt-venedig","status":"publish","type":"page","link":"https:\/\/www.lestroarmonico.com\/wp\/programme\/treffpunkt-venedig\/","title":{"rendered":"Treffpunkt Venedig"},"content":{"rendered":"<p>Venedig war in der Barockzeit eine von Europas Hauptst\u00e4dten der Kunst und Musik. Der Handel mit dem Orient hatte der Stadt seit dem Mittelalter Reichtum und Unabh\u00e4ngigkeit gegeben. Charles Burney, englischer Musikhistoriker, der im 18. Jahrhundert durch ganz Europa reiste, schreibt \u00fcber Venedig: \u201cMan sagt, dass [das mythologische Ungeheuer] Argos hundert Augen hatte. Hier m\u00f6chte man hundert Ohren f\u00fcr die Musik haben, und hundert Augen f\u00fcr die Bilder und Architektur. Heute gibt es f\u00fcr einen Harmonie-Liebhaber so viel Versuchung, dass es schwer ist, sich zu entscheiden\u201c.<\/p>\n<p>Wegen der geographischen N\u00e4he zum Osten hatte sich Venedig immer vom Rest Italiens unterschieden. Seit dem 16. Jahrhundert entstand eine eigenst\u00e4ndige \u201eVenezianische Schule\u201c sowohl in der Kunst als auch in der Musik. Die venezianischen Maler wie Tintoretto und Tizian sch\u00e4tzen die Farbe mehr als die Linie, entsprechend zogen Venedigs Komponisten die Harmonie dem Kontrapunkt vor. Instrumentalmusik war besonders beliebt und allgegenw\u00e4rtig, so dass man sagte, dass die Stra\u00dfenmusiker von Venedig in anderen St\u00e4dten erfolgreich Karriere h\u00e4tten machen k\u00f6nnen.<\/p>\n<p>In unserem Programm zeigen wir einen Ausschnitt der Instrumentalmusik Venedigs in der ersten H\u00e4lfte des 18. Jahrhunderts. Zwei Generationen bedeutender Komponisten kommen zu Geh\u00f6r: Marcello und Vivaldi wurden in Venedig geboren, verbrachten ihr ganzes Leben dort und nahmen eine zentrale Rolle im Musikleben der Stadt ein. Platti lernte als junger Musiker von venezianischen Meistern, Scarlatti und Locatelli reisten w\u00e4hrend ihrer Karriere durch Venedig. Alle waren Teil der Klanglandschaft der Stadt.<\/p>\n<p>Venedig war Treffpunkt von Europa und Asien, sowie Treffpunkt der Komponisten unseres Programms. Venedigs Musik bleibt noch heute, wie seine Architektur, vielseitig und pr\u00e4chtig.<\/p>\n<p>&nbsp;<\/p>\n<p style=\"text-align: center;\"><strong>Antonio Vivaldi (1678-1741)<\/strong><\/p>\n<p style=\"text-align: center;\">Concerto in D-Dur, RV 92<\/p>\n<p style=\"text-align: center;\">Allegro \u2013 Larghetto \u2013 Allegro<\/p>\n<p style=\"text-align: center;\">***<\/p>\n<p style=\"text-align: center;\"><strong>Benedetto Marcello (1686-1739)<\/strong><\/p>\n<p style=\"text-align: center;\">Suonate XII a flauto solo con il suo basso continuo, op. 2<\/p>\n<p style=\"text-align: center;\">Adagio \u2013 Minuett \u2013 Gavotta \u2013 Largo \u2013 Ciaccona<\/p>\n<p style=\"text-align: center;\">***<\/p>\n<p style=\"text-align: center;\"><strong>Domenico Scarlatti (1685-1757)<\/strong><\/p>\n<p style=\"text-align: center;\">Sonata K 12 in g-moll<\/p>\n<p style=\"text-align: center;\">Presto<\/p>\n<p>&nbsp;<\/p>\n<p style=\"text-align: center;\">Sonata K 13 in G-Dur<\/p>\n<p style=\"text-align: center;\">Presto<\/p>\n<p style=\"text-align: center;\">***<\/p>\n<p style=\"text-align: center;\"><strong>Giovanni Benedetto Platti (1697-1763)<\/strong><\/p>\n<p style=\"text-align: center;\">Sonate \u00e0 3 cio\u00e8 Violino, Violoncello e Basso in e-moll<\/p>\n<p style=\"text-align: center;\">Adagio \u2013 Allegro \u2013 Sarabanda\u00a0\u2013\u00a0Gigha<\/p>\n<p style=\"text-align: center;\">***<\/p>\n<p style=\"text-align: center;\"><strong>Pietro Antonio Locatelli (1695-1764)<\/strong><\/p>\n<p style=\"text-align: center;\">Sonate \u00e0 tre Nr. 2 in e-moll, op. 5<\/p>\n<p style=\"text-align: center;\">Largo\/Andante \u2013 Allegro \u2013 Allegro<\/p>\n","protected":false},"excerpt":{"rendered":"<p>Venedig war in der Barockzeit eine von Europas Hauptst\u00e4dten der Kunst und Musik. Der Handel mit dem Orient hatte der Stadt seit dem Mittelalter Reichtum und Unabh\u00e4ngigkeit gegeben. Charles Burney, englischer Musikhistoriker, der im 18. Jahrhundert durch ganz Europa reiste, schreibt \u00fcber Venedig: \u201cMan sagt, dass [das mythologische Ungeheuer] Argos hundert Augen hatte. Hier m\u00f6chte &hellip; <\/p>\n<p class=\"link-more\"><a href=\"https:\/\/www.lestroarmonico.com\/wp\/programme\/treffpunkt-venedig\/\" class=\"more-link\"><span class=\"screen-reader-text\">\u201eTreffpunkt Venedig\u201c <\/span>weiterlesen<\/a><\/p>\n","protected":false},"author":2,"featured_media":0,"parent":81,"menu_order":0,"comment_status":"closed","ping_status":"closed","template":"","meta":{"footnotes":""},"class_list":["post-87","page","type-page","status-publish","hentry"],"yoast_head":"<!-- This site is optimized with the Yoast SEO plugin v27.3 - https:\/\/yoast.com\/product\/yoast-seo-wordpress\/ -->\n<title>Treffpunkt Venedig - Barockensemble l&#039;Estro Armonico<\/title>\n<meta name=\"robots\" content=\"index, follow, max-snippet:-1, max-image-preview:large, max-video-preview:-1\" \/>\n<link rel=\"canonical\" href=\"https:\/\/www.lestroarmonico.com\/wp\/programme\/treffpunkt-venedig\/\" \/>\n<meta property=\"og:locale\" content=\"de_DE\" \/>\n<meta property=\"og:type\" content=\"article\" \/>\n<meta property=\"og:title\" content=\"Treffpunkt Venedig - Barockensemble l&#039;Estro Armonico\" \/>\n<meta property=\"og:description\" content=\"Venedig war in der Barockzeit eine von Europas Hauptst\u00e4dten der Kunst und Musik. Der Handel mit dem Orient hatte der Stadt seit dem Mittelalter Reichtum und Unabh\u00e4ngigkeit gegeben. Charles Burney, englischer Musikhistoriker, der im 18. Jahrhundert durch ganz Europa reiste, schreibt \u00fcber Venedig: \u201cMan sagt, dass [das mythologische Ungeheuer] Argos hundert Augen hatte. Hier m\u00f6chte &hellip; \u201eTreffpunkt Venedig\u201c weiterlesen\" \/>\n<meta property=\"og:url\" content=\"https:\/\/www.lestroarmonico.com\/wp\/programme\/treffpunkt-venedig\/\" \/>\n<meta property=\"og:site_name\" content=\"Barockensemble l&#039;Estro Armonico\" \/>\n<meta property=\"article:modified_time\" content=\"2017-07-17T16:51:51+00:00\" \/>\n<meta name=\"twitter:card\" content=\"summary_large_image\" \/>\n<meta name=\"twitter:label1\" content=\"Gesch\u00e4tzte Lesezeit\" \/>\n\t<meta name=\"twitter:data1\" content=\"2\u00a0Minuten\" \/>\n<script type=\"application\/ld+json\" class=\"yoast-schema-graph\">{\"@context\":\"https:\\\/\\\/schema.org\",\"@graph\":[{\"@type\":\"WebPage\",\"@id\":\"https:\\\/\\\/www.lestroarmonico.com\\\/wp\\\/programme\\\/treffpunkt-venedig\\\/\",\"url\":\"https:\\\/\\\/www.lestroarmonico.com\\\/wp\\\/programme\\\/treffpunkt-venedig\\\/\",\"name\":\"Treffpunkt Venedig - Barockensemble l'Estro Armonico\",\"isPartOf\":{\"@id\":\"https:\\\/\\\/www.lestroarmonico.com\\\/wp\\\/#website\"},\"datePublished\":\"2017-07-14T16:39:10+00:00\",\"dateModified\":\"2017-07-17T16:51:51+00:00\",\"breadcrumb\":{\"@id\":\"https:\\\/\\\/www.lestroarmonico.com\\\/wp\\\/programme\\\/treffpunkt-venedig\\\/#breadcrumb\"},\"inLanguage\":\"de\",\"potentialAction\":[{\"@type\":\"ReadAction\",\"target\":[\"https:\\\/\\\/www.lestroarmonico.com\\\/wp\\\/programme\\\/treffpunkt-venedig\\\/\"]}]},{\"@type\":\"BreadcrumbList\",\"@id\":\"https:\\\/\\\/www.lestroarmonico.com\\\/wp\\\/programme\\\/treffpunkt-venedig\\\/#breadcrumb\",\"itemListElement\":[{\"@type\":\"ListItem\",\"position\":1,\"name\":\"Startseite\",\"item\":\"https:\\\/\\\/www.lestroarmonico.com\\\/wp\\\/\"},{\"@type\":\"ListItem\",\"position\":2,\"name\":\"Programme\",\"item\":\"https:\\\/\\\/www.lestroarmonico.com\\\/wp\\\/programme\\\/\"},{\"@type\":\"ListItem\",\"position\":3,\"name\":\"Treffpunkt Venedig\"}]},{\"@type\":\"WebSite\",\"@id\":\"https:\\\/\\\/www.lestroarmonico.com\\\/wp\\\/#website\",\"url\":\"https:\\\/\\\/www.lestroarmonico.com\\\/wp\\\/\",\"name\":\"Barockensemble l'Estro Armonico\",\"description\":\"Barockensemble\",\"potentialAction\":[{\"@type\":\"SearchAction\",\"target\":{\"@type\":\"EntryPoint\",\"urlTemplate\":\"https:\\\/\\\/www.lestroarmonico.com\\\/wp\\\/?s={search_term_string}\"},\"query-input\":{\"@type\":\"PropertyValueSpecification\",\"valueRequired\":true,\"valueName\":\"search_term_string\"}}],\"inLanguage\":\"de\"}]}<\/script>\n<!-- \/ Yoast SEO plugin. -->","yoast_head_json":{"title":"Treffpunkt Venedig - Barockensemble l'Estro Armonico","robots":{"index":"index","follow":"follow","max-snippet":"max-snippet:-1","max-image-preview":"max-image-preview:large","max-video-preview":"max-video-preview:-1"},"canonical":"https:\/\/www.lestroarmonico.com\/wp\/programme\/treffpunkt-venedig\/","og_locale":"de_DE","og_type":"article","og_title":"Treffpunkt Venedig - Barockensemble l'Estro Armonico","og_description":"Venedig war in der Barockzeit eine von Europas Hauptst\u00e4dten der Kunst und Musik. Der Handel mit dem Orient hatte der Stadt seit dem Mittelalter Reichtum und Unabh\u00e4ngigkeit gegeben. Charles Burney, englischer Musikhistoriker, der im 18. Jahrhundert durch ganz Europa reiste, schreibt \u00fcber Venedig: \u201cMan sagt, dass [das mythologische Ungeheuer] Argos hundert Augen hatte. Hier m\u00f6chte &hellip; \u201eTreffpunkt Venedig\u201c weiterlesen","og_url":"https:\/\/www.lestroarmonico.com\/wp\/programme\/treffpunkt-venedig\/","og_site_name":"Barockensemble l'Estro Armonico","article_modified_time":"2017-07-17T16:51:51+00:00","twitter_card":"summary_large_image","twitter_misc":{"Gesch\u00e4tzte Lesezeit":"2\u00a0Minuten"},"schema":{"@context":"https:\/\/schema.org","@graph":[{"@type":"WebPage","@id":"https:\/\/www.lestroarmonico.com\/wp\/programme\/treffpunkt-venedig\/","url":"https:\/\/www.lestroarmonico.com\/wp\/programme\/treffpunkt-venedig\/","name":"Treffpunkt Venedig - Barockensemble l'Estro Armonico","isPartOf":{"@id":"https:\/\/www.lestroarmonico.com\/wp\/#website"},"datePublished":"2017-07-14T16:39:10+00:00","dateModified":"2017-07-17T16:51:51+00:00","breadcrumb":{"@id":"https:\/\/www.lestroarmonico.com\/wp\/programme\/treffpunkt-venedig\/#breadcrumb"},"inLanguage":"de","potentialAction":[{"@type":"ReadAction","target":["https:\/\/www.lestroarmonico.com\/wp\/programme\/treffpunkt-venedig\/"]}]},{"@type":"BreadcrumbList","@id":"https:\/\/www.lestroarmonico.com\/wp\/programme\/treffpunkt-venedig\/#breadcrumb","itemListElement":[{"@type":"ListItem","position":1,"name":"Startseite","item":"https:\/\/www.lestroarmonico.com\/wp\/"},{"@type":"ListItem","position":2,"name":"Programme","item":"https:\/\/www.lestroarmonico.com\/wp\/programme\/"},{"@type":"ListItem","position":3,"name":"Treffpunkt Venedig"}]},{"@type":"WebSite","@id":"https:\/\/www.lestroarmonico.com\/wp\/#website","url":"https:\/\/www.lestroarmonico.com\/wp\/","name":"Barockensemble l'Estro Armonico","description":"Barockensemble","potentialAction":[{"@type":"SearchAction","target":{"@type":"EntryPoint","urlTemplate":"https:\/\/www.lestroarmonico.com\/wp\/?s={search_term_string}"},"query-input":{"@type":"PropertyValueSpecification","valueRequired":true,"valueName":"search_term_string"}}],"inLanguage":"de"}]}},"_links":{"self":[{"href":"https:\/\/www.lestroarmonico.com\/wp\/wp-json\/wp\/v2\/pages\/87","targetHints":{"allow":["GET"]}}],"collection":[{"href":"https:\/\/www.lestroarmonico.com\/wp\/wp-json\/wp\/v2\/pages"}],"about":[{"href":"https:\/\/www.lestroarmonico.com\/wp\/wp-json\/wp\/v2\/types\/page"}],"author":[{"embeddable":true,"href":"https:\/\/www.lestroarmonico.com\/wp\/wp-json\/wp\/v2\/users\/2"}],"replies":[{"embeddable":true,"href":"https:\/\/www.lestroarmonico.com\/wp\/wp-json\/wp\/v2\/comments?post=87"}],"version-history":[{"count":1,"href":"https:\/\/www.lestroarmonico.com\/wp\/wp-json\/wp\/v2\/pages\/87\/revisions"}],"predecessor-version":[{"id":88,"href":"https:\/\/www.lestroarmonico.com\/wp\/wp-json\/wp\/v2\/pages\/87\/revisions\/88"}],"up":[{"embeddable":true,"href":"https:\/\/www.lestroarmonico.com\/wp\/wp-json\/wp\/v2\/pages\/81"}],"wp:attachment":[{"href":"https:\/\/www.lestroarmonico.com\/wp\/wp-json\/wp\/v2\/media?parent=87"}],"curies":[{"name":"wp","href":"https:\/\/api.w.org\/{rel}","templated":true}]}}