{"id":81,"date":"2017-07-14T16:33:26","date_gmt":"2017-07-14T16:33:26","guid":{"rendered":"https:\/\/www.lestroarmonico.com\/wp\/?page_id=81"},"modified":"2024-04-29T14:17:19","modified_gmt":"2024-04-29T12:17:19","slug":"programme","status":"publish","type":"page","link":"https:\/\/www.lestroarmonico.com\/wp\/programme\/","title":{"rendered":"Programme"},"content":{"rendered":"<p><a href=\"https:\/\/www.lestroarmonico.com\/wp\/der-schmerz-der-liebe-ist-suess\/\">Der Schmerz der Liebe ist s\u00fc\u00df<\/a><\/p>\n<p><a href=\"https:\/\/www.lestroarmonico.com\/wp\/programme\/les-gouts-reunis\/\">Les Go\u00fbts R\u00e9unis<\/a><\/p>\n<p><a href=\"https:\/\/www.lestroarmonico.com\/wp\/aus-dem-notenschrank-der-dresdner-hofkapelle-unbekannte-triosonaten-des-hochbarock\/\">Aus dem Schrank des Dresdner Hofkapelle: Unbekannte Triosonaten des Hochbarock<\/a><\/p>\n<p><a href=\"https:\/\/www.lestroarmonico.com\/wp\/programme\/lapotheose-de-corelli\/\">L&#8217;Apoth\u00e9ose de Corelli<\/a><\/p>\n<p><a href=\"https:\/\/www.lestroarmonico.com\/wp\/programme\/2-giganten\/\">Zwei Giganten<\/a><\/p>\n<p><a href=\"https:\/\/www.lestroarmonico.com\/wp\/programme\/treffpunkt-venedig\/\">Treffpunkt Venedig<\/a><\/p>\n<p><a href=\"https:\/\/www.lestroarmonico.com\/wp\/programme\/la-musique-chantante\/\">La musique chantante<\/a><\/p>\n<p><a href=\"https:\/\/www.lestroarmonico.com\/wp\/programme\/concert-parisien\/\">Concert Parisien<\/a><\/p>\n<p><a href=\"https:\/\/www.lestroarmonico.com\/wp\/programme\/familienbande\/\">Familienbande<\/a><\/p>\n<p><a href=\"https:\/\/www.lestroarmonico.com\/wp\/programme\/piano-e-forte\/\">piano e forte<\/a><\/p>\n<p><a href=\"https:\/\/www.lestroarmonico.com\/wp\/programme\/dresden-berlin\/\">Dresden &#8211; Berlin<\/a><\/p>\n<p><a href=\"https:\/\/www.lestroarmonico.com\/wp\/programme\/quaerendo-invenietis-wer-suchet-der-findet\/\">&#8222;Quaerendo &#8211; invenientis&#8220; &#8211; Wer suchet, der findet<\/a><\/p>\n<p><a href=\"https:\/\/www.lestroarmonico.com\/wp\/programme\/naturgesetz\/\">Natur*Gesetz<\/a><\/p>\n<p><a href=\"https:\/\/www.lestroarmonico.com\/wp\/programme\/les-nations\/\">Les Nations<\/a><\/p>\n<p><a href=\"https:\/\/www.lestroarmonico.com\/wp\/programme\/telemann-a-paris\/\">Telemann \u00e0 Paris<\/a><\/p>\n<p><a href=\"https:\/\/www.lestroarmonico.com\/wp\/programme\/uebers-weite-meer-kinderkonzert\/\">\u00dcbers weite Meer<\/a><br \/>\n(Kinderkonzert)<\/p>\n<p><a href=\"https:\/\/www.lestroarmonico.com\/wp\/programme\/floetenduell\/\">\u00a1Fl\u00f6tenduell!<\/a><\/p>\n<p><a href=\"https:\/\/www.lestroarmonico.com\/wp\/programme\/luft-sonne-licht\/\">Luft, Sonne, Licht<\/a><\/p>\n<p><a href=\"https:\/\/www.lestroarmonico.com\/wp\/koenig-leckermaul\/\">K\u00f6nig Leckermaul<\/a><br \/>\n(Kinderkonzert)<\/p>\n","protected":false},"excerpt":{"rendered":"<p>Der Schmerz der Liebe ist s\u00fc\u00df Les Go\u00fbts R\u00e9unis Aus dem Schrank des Dresdner Hofkapelle: Unbekannte Triosonaten des Hochbarock L&#8217;Apoth\u00e9ose de Corelli Zwei Giganten Treffpunkt Venedig La musique chantante Concert Parisien Familienbande piano e forte Dresden &#8211; Berlin &#8222;Quaerendo &#8211; invenientis&#8220; &#8211; Wer suchet, der findet Natur*Gesetz Les Nations Telemann \u00e0 Paris \u00dcbers weite Meer &hellip; <\/p>\n<p class=\"link-more\"><a href=\"https:\/\/www.lestroarmonico.com\/wp\/programme\/\" class=\"more-link\"><span class=\"screen-reader-text\">\u201eProgramme\u201c <\/span>weiterlesen<\/a><\/p>\n","protected":false},"author":2,"featured_media":0,"parent":0,"menu_order":0,"comment_status":"closed","ping_status":"closed","template":"","meta":{"footnotes":""},"class_list":["post-81","page","type-page","status-publish","hentry"],"yoast_head":"<!-- This site is optimized with the Yoast SEO plugin v27.5 - https:\/\/yoast.com\/product\/yoast-seo-wordpress\/ -->\n<title>Programme - Barockensemble l&#039;Estro Armonico<\/title>\n<meta name=\"robots\" content=\"index, follow, max-snippet:-1, max-image-preview:large, max-video-preview:-1\" \/>\n<link rel=\"canonical\" href=\"https:\/\/www.lestroarmonico.com\/wp\/programme\/\" \/>\n<meta property=\"og:locale\" content=\"de_DE\" \/>\n<meta property=\"og:type\" content=\"article\" \/>\n<meta property=\"og:title\" content=\"Programme - Barockensemble l&#039;Estro Armonico\" \/>\n<meta property=\"og:description\" content=\"Der Schmerz der Liebe ist s\u00fc\u00df Les Go\u00fbts R\u00e9unis Aus dem Schrank des Dresdner Hofkapelle: Unbekannte Triosonaten des Hochbarock L&#8217;Apoth\u00e9ose de Corelli Zwei Giganten Treffpunkt Venedig La musique chantante Concert Parisien Familienbande piano e forte Dresden &#8211; Berlin &#8222;Quaerendo &#8211; invenientis&#8220; &#8211; Wer suchet, der findet Natur*Gesetz Les Nations Telemann \u00e0 Paris \u00dcbers weite Meer &hellip; \u201eProgramme\u201c weiterlesen\" \/>\n<meta property=\"og:url\" content=\"https:\/\/www.lestroarmonico.com\/wp\/programme\/\" \/>\n<meta property=\"og:site_name\" content=\"Barockensemble l&#039;Estro Armonico\" \/>\n<meta property=\"article:modified_time\" content=\"2024-04-29T12:17:19+00:00\" \/>\n<meta name=\"twitter:card\" content=\"summary_large_image\" \/>\n<meta name=\"twitter:label1\" content=\"Gesch\u00e4tzte Lesezeit\" \/>\n\t<meta name=\"twitter:data1\" content=\"1\u00a0Minute\" \/>\n<script type=\"application\/ld+json\" class=\"yoast-schema-graph\">{\"@context\":\"https:\\\/\\\/schema.org\",\"@graph\":[{\"@type\":\"WebPage\",\"@id\":\"https:\\\/\\\/www.lestroarmonico.com\\\/wp\\\/programme\\\/\",\"url\":\"https:\\\/\\\/www.lestroarmonico.com\\\/wp\\\/programme\\\/\",\"name\":\"Programme - Barockensemble l'Estro Armonico\",\"isPartOf\":{\"@id\":\"https:\\\/\\\/www.lestroarmonico.com\\\/wp\\\/#website\"},\"datePublished\":\"2017-07-14T16:33:26+00:00\",\"dateModified\":\"2024-04-29T12:17:19+00:00\",\"breadcrumb\":{\"@id\":\"https:\\\/\\\/www.lestroarmonico.com\\\/wp\\\/programme\\\/#breadcrumb\"},\"inLanguage\":\"de\",\"potentialAction\":[{\"@type\":\"ReadAction\",\"target\":[\"https:\\\/\\\/www.lestroarmonico.com\\\/wp\\\/programme\\\/\"]}]},{\"@type\":\"BreadcrumbList\",\"@id\":\"https:\\\/\\\/www.lestroarmonico.com\\\/wp\\\/programme\\\/#breadcrumb\",\"itemListElement\":[{\"@type\":\"ListItem\",\"position\":1,\"name\":\"Startseite\",\"item\":\"https:\\\/\\\/www.lestroarmonico.com\\\/wp\\\/\"},{\"@type\":\"ListItem\",\"position\":2,\"name\":\"Programme\"}]},{\"@type\":\"WebSite\",\"@id\":\"https:\\\/\\\/www.lestroarmonico.com\\\/wp\\\/#website\",\"url\":\"https:\\\/\\\/www.lestroarmonico.com\\\/wp\\\/\",\"name\":\"Barockensemble l'Estro Armonico\",\"description\":\"Barockensemble\",\"potentialAction\":[{\"@type\":\"SearchAction\",\"target\":{\"@type\":\"EntryPoint\",\"urlTemplate\":\"https:\\\/\\\/www.lestroarmonico.com\\\/wp\\\/?s={search_term_string}\"},\"query-input\":{\"@type\":\"PropertyValueSpecification\",\"valueRequired\":true,\"valueName\":\"search_term_string\"}}],\"inLanguage\":\"de\"}]}<\/script>\n<!-- \/ Yoast SEO plugin. -->","yoast_head_json":{"title":"Programme - Barockensemble l'Estro Armonico","robots":{"index":"index","follow":"follow","max-snippet":"max-snippet:-1","max-image-preview":"max-image-preview:large","max-video-preview":"max-video-preview:-1"},"canonical":"https:\/\/www.lestroarmonico.com\/wp\/programme\/","og_locale":"de_DE","og_type":"article","og_title":"Programme - Barockensemble l'Estro Armonico","og_description":"Der Schmerz der Liebe ist s\u00fc\u00df Les Go\u00fbts R\u00e9unis Aus dem Schrank des Dresdner Hofkapelle: Unbekannte Triosonaten des Hochbarock L&#8217;Apoth\u00e9ose de Corelli Zwei Giganten Treffpunkt Venedig La musique chantante Concert Parisien Familienbande piano e forte Dresden &#8211; Berlin &#8222;Quaerendo &#8211; invenientis&#8220; &#8211; Wer suchet, der findet Natur*Gesetz Les Nations Telemann \u00e0 Paris \u00dcbers weite Meer &hellip; \u201eProgramme\u201c weiterlesen","og_url":"https:\/\/www.lestroarmonico.com\/wp\/programme\/","og_site_name":"Barockensemble l'Estro Armonico","article_modified_time":"2024-04-29T12:17:19+00:00","twitter_card":"summary_large_image","twitter_misc":{"Gesch\u00e4tzte Lesezeit":"1\u00a0Minute"},"schema":{"@context":"https:\/\/schema.org","@graph":[{"@type":"WebPage","@id":"https:\/\/www.lestroarmonico.com\/wp\/programme\/","url":"https:\/\/www.lestroarmonico.com\/wp\/programme\/","name":"Programme - Barockensemble l'Estro Armonico","isPartOf":{"@id":"https:\/\/www.lestroarmonico.com\/wp\/#website"},"datePublished":"2017-07-14T16:33:26+00:00","dateModified":"2024-04-29T12:17:19+00:00","breadcrumb":{"@id":"https:\/\/www.lestroarmonico.com\/wp\/programme\/#breadcrumb"},"inLanguage":"de","potentialAction":[{"@type":"ReadAction","target":["https:\/\/www.lestroarmonico.com\/wp\/programme\/"]}]},{"@type":"BreadcrumbList","@id":"https:\/\/www.lestroarmonico.com\/wp\/programme\/#breadcrumb","itemListElement":[{"@type":"ListItem","position":1,"name":"Startseite","item":"https:\/\/www.lestroarmonico.com\/wp\/"},{"@type":"ListItem","position":2,"name":"Programme"}]},{"@type":"WebSite","@id":"https:\/\/www.lestroarmonico.com\/wp\/#website","url":"https:\/\/www.lestroarmonico.com\/wp\/","name":"Barockensemble l'Estro Armonico","description":"Barockensemble","potentialAction":[{"@type":"SearchAction","target":{"@type":"EntryPoint","urlTemplate":"https:\/\/www.lestroarmonico.com\/wp\/?s={search_term_string}"},"query-input":{"@type":"PropertyValueSpecification","valueRequired":true,"valueName":"search_term_string"}}],"inLanguage":"de"}]}},"_links":{"self":[{"href":"https:\/\/www.lestroarmonico.com\/wp\/wp-json\/wp\/v2\/pages\/81","targetHints":{"allow":["GET"]}}],"collection":[{"href":"https:\/\/www.lestroarmonico.com\/wp\/wp-json\/wp\/v2\/pages"}],"about":[{"href":"https:\/\/www.lestroarmonico.com\/wp\/wp-json\/wp\/v2\/types\/page"}],"author":[{"embeddable":true,"href":"https:\/\/www.lestroarmonico.com\/wp\/wp-json\/wp\/v2\/users\/2"}],"replies":[{"embeddable":true,"href":"https:\/\/www.lestroarmonico.com\/wp\/wp-json\/wp\/v2\/comments?post=81"}],"version-history":[{"count":7,"href":"https:\/\/www.lestroarmonico.com\/wp\/wp-json\/wp\/v2\/pages\/81\/revisions"}],"predecessor-version":[{"id":949,"href":"https:\/\/www.lestroarmonico.com\/wp\/wp-json\/wp\/v2\/pages\/81\/revisions\/949"}],"wp:attachment":[{"href":"https:\/\/www.lestroarmonico.com\/wp\/wp-json\/wp\/v2\/media?parent=81"}],"curies":[{"name":"wp","href":"https:\/\/api.w.org\/{rel}","templated":true}]}}